{"id":1897,"date":"2023-01-07T08:46:17","date_gmt":"2023-01-07T07:46:17","guid":{"rendered":"https:\/\/bixoswp.themesflat.com\/?page_id=1897"},"modified":"2025-01-06T15:25:26","modified_gmt":"2025-01-06T14:25:26","slug":"blog","status":"publish","type":"page","link":"https:\/\/www.cnm.com.tn\/ar\/blog\/","title":{"rendered":"\u00c9v\u00e9nement"},"content":{"rendered":"\t\t<div data-elementor-type=\"wp-page\" data-elementor-id=\"1897\" class=\"elementor elementor-1897\">\n\t\t\t\t\t\t<section class=\"elementor-section elementor-top-section elementor-element elementor-element-8850a23 elementor-section-boxed elementor-section-height-default elementor-section-height-default\" data-id=\"8850a23\" data-element_type=\"section\" data-e-type=\"section\">\n\t\t\t\t\t\t<div class=\"elementor-container elementor-column-gap-default\">\n\t\t\t\t\t<div class=\"elementor-column elementor-col-33 elementor-top-column elementor-element elementor-element-b5f3f8b\" data-id=\"b5f3f8b\" data-element_type=\"column\" data-e-type=\"column\">\n\t\t\t<div class=\"elementor-widget-wrap elementor-element-populated\">\n\t\t\t\t\t\t<div class=\"elementor-element elementor-element-d69bb4f elementor-widget elementor-widget-image\" data-id=\"d69bb4f\" data-element_type=\"widget\" data-e-type=\"widget\" data-widget_type=\"image.default\">\n\t\t\t\t<div class=\"elementor-widget-container\">\n\t\t\t\t\t\t\t\t\t\t\t\t\t\t\t\t<a href=\"https:\/\/lab-jeunes-sport.com\/\" target=\"_blank\">\n\t\t\t\t\t\t\t<img fetchpriority=\"high\" decoding=\"async\" width=\"1024\" height=\"535\" src=\"data:image\/gif;base64,R0lGODlhAQABAIAAAAAAAP\/\/\/yH5BAEAAAAALAAAAAABAAEAAAIBRAA7\" data-src=\"https:\/\/www.cnm.com.tn\/ar\/wp-content\/uploads\/2025\/01\/lab-1024x535.webp\" class=\"attachment-large size-large wp-image-8144 lazyload\" alt=\"\" data-srcset=\"https:\/\/www.cnm.com.tn\/ar\/wp-content\/uploads\/2025\/01\/lab-1024x535.webp 1024w, https:\/\/www.cnm.com.tn\/ar\/wp-content\/uploads\/2025\/01\/lab-300x157.webp 300w, https:\/\/www.cnm.com.tn\/ar\/wp-content\/uploads\/2025\/01\/lab-768x401.webp 768w, https:\/\/www.cnm.com.tn\/ar\/wp-content\/uploads\/2025\/01\/lab-18x9.webp 18w, https:\/\/www.cnm.com.tn\/ar\/wp-content\/uploads\/2025\/01\/lab.webp 1200w\" sizes=\"(max-width: 1024px) 100vw, 1024px\" \/><noscript><img decoding=\"async\" width=\"1024\" height=\"535\" src=\"https:\/\/www.cnm.com.tn\/ar\/wp-content\/uploads\/2025\/01\/lab-1024x535.webp\" class=\"attachment-large size-large wp-image-8144 lazyload\" alt=\"\" srcset=\"https:\/\/www.cnm.com.tn\/ar\/wp-content\/uploads\/2025\/01\/lab-1024x535.webp 1024w, https:\/\/www.cnm.com.tn\/ar\/wp-content\/uploads\/2025\/01\/lab-300x157.webp 300w, https:\/\/www.cnm.com.tn\/ar\/wp-content\/uploads\/2025\/01\/lab-768x401.webp 768w, https:\/\/www.cnm.com.tn\/ar\/wp-content\/uploads\/2025\/01\/lab-18x9.webp 18w, https:\/\/www.cnm.com.tn\/ar\/wp-content\/uploads\/2025\/01\/lab.webp 1200w\" sizes=\"(max-width: 1024px) 100vw, 1024px\" \/><\/noscript>\t\t\t\t\t\t\t\t<\/a>\n\t\t\t\t\t\t\t\t\t\t\t\t\t\t\t<\/div>\n\t\t\t\t<\/div>\n\t\t\t\t<div class=\"elementor-element elementor-element-94ca502 elementor-widget elementor-widget-heading\" data-id=\"94ca502\" data-element_type=\"widget\" data-e-type=\"widget\" data-widget_type=\"heading.default\">\n\t\t\t\t<div class=\"elementor-widget-container\">\n\t\t\t\t\t<h3 class=\"elementor-heading-title elementor-size-default\"><a href=\"https:\/\/www.cnm.com.tn\/ar\/?page_id=112\" target=\"_blank\">\u00c9v\u00e9nements sportifs<\/a><\/h3>\t\t\t\t<\/div>\n\t\t\t\t<\/div>\n\t\t\t\t\t<\/div>\n\t\t<\/div>\n\t\t\t\t<div class=\"elementor-column elementor-col-33 elementor-top-column elementor-element elementor-element-cdf9792\" data-id=\"cdf9792\" data-element_type=\"column\" data-e-type=\"column\">\n\t\t\t<div class=\"elementor-widget-wrap elementor-element-populated\">\n\t\t\t\t\t\t<div class=\"elementor-element elementor-element-3a1a853 elementor-widget elementor-widget-image\" data-id=\"3a1a853\" data-element_type=\"widget\" data-e-type=\"widget\" data-widget_type=\"image.default\">\n\t\t\t\t<div class=\"elementor-widget-container\">\n\t\t\t\t\t\t\t\t\t\t\t\t\t\t\t\t<a href=\"https:\/\/www.ibdaa.tn\/%D8%A7%D9%84%D9%85%D8%B4%D8%B1%D9%88%D8%B9-%D8%A7%D9%84%D8%B1%D9%82%D9%85%D9%8A-%D9%85%D8%AE%D8%AA%D8%A8%D8%B1-%D9%81%D9%8A%D9%84%D9%85%D9%8A-%D8%A7%D9%84%D8%A3%D9%88%D9%84-%D9%84%D9%84%D8%A7%D8%A8%D8%AF%D8%A7%D8%B9\" target=\"_blank\">\n\t\t\t\t\t\t\t<img decoding=\"async\" width=\"1024\" height=\"576\" src=\"data:image\/gif;base64,R0lGODlhAQABAIAAAAAAAP\/\/\/yH5BAEAAAAALAAAAAABAAEAAAIBRAA7\" data-src=\"https:\/\/www.cnm.com.tn\/ar\/wp-content\/uploads\/2025\/01\/AFFICHE-04-1024x576.jpg\" class=\"attachment-large size-large wp-image-8143 lazyload\" alt=\"\" data-srcset=\"https:\/\/www.cnm.com.tn\/ar\/wp-content\/uploads\/2025\/01\/AFFICHE-04-1024x576.jpg 1024w, https:\/\/www.cnm.com.tn\/ar\/wp-content\/uploads\/2025\/01\/AFFICHE-04-300x169.jpg 300w, https:\/\/www.cnm.com.tn\/ar\/wp-content\/uploads\/2025\/01\/AFFICHE-04-768x432.jpg 768w, https:\/\/www.cnm.com.tn\/ar\/wp-content\/uploads\/2025\/01\/AFFICHE-04-1536x864.jpg 1536w, https:\/\/www.cnm.com.tn\/ar\/wp-content\/uploads\/2025\/01\/AFFICHE-04-18x10.jpg 18w, https:\/\/www.cnm.com.tn\/ar\/wp-content\/uploads\/2025\/01\/AFFICHE-04.jpg 1920w\" sizes=\"(max-width: 1024px) 100vw, 1024px\" \/><noscript><img loading=\"lazy\" decoding=\"async\" width=\"1024\" height=\"576\" src=\"https:\/\/www.cnm.com.tn\/ar\/wp-content\/uploads\/2025\/01\/AFFICHE-04-1024x576.jpg\" class=\"attachment-large size-large wp-image-8143 lazyload\" alt=\"\" srcset=\"https:\/\/www.cnm.com.tn\/ar\/wp-content\/uploads\/2025\/01\/AFFICHE-04-1024x576.jpg 1024w, https:\/\/www.cnm.com.tn\/ar\/wp-content\/uploads\/2025\/01\/AFFICHE-04-300x169.jpg 300w, https:\/\/www.cnm.com.tn\/ar\/wp-content\/uploads\/2025\/01\/AFFICHE-04-768x432.jpg 768w, https:\/\/www.cnm.com.tn\/ar\/wp-content\/uploads\/2025\/01\/AFFICHE-04-1536x864.jpg 1536w, https:\/\/www.cnm.com.tn\/ar\/wp-content\/uploads\/2025\/01\/AFFICHE-04-18x10.jpg 18w, https:\/\/www.cnm.com.tn\/ar\/wp-content\/uploads\/2025\/01\/AFFICHE-04.jpg 1920w\" sizes=\"(max-width: 1024px) 100vw, 1024px\" \/><\/noscript>\t\t\t\t\t\t\t\t<\/a>\n\t\t\t\t\t\t\t\t\t\t\t\t\t\t\t<\/div>\n\t\t\t\t<\/div>\n\t\t\t\t<div class=\"elementor-element elementor-element-dbd9fbe elementor-widget elementor-widget-heading\" data-id=\"dbd9fbe\" data-element_type=\"widget\" data-e-type=\"widget\" data-widget_type=\"heading.default\">\n\t\t\t\t<div class=\"elementor-widget-container\">\n\t\t\t\t\t<h4 class=\"elementor-heading-title elementor-size-default\"><a href=\"https:\/\/www.ibdaa.tn\/%D8%A7%D9%84%D9%85%D8%B4%D8%B1%D9%88%D8%B9-%D8%A7%D9%84%D8%B1%D9%82%D9%85%D9%8A-%D9%85%D8%AE%D8%AA%D8%A8%D8%B1-%D9%81%D9%8A%D9%84%D9%85%D9%8A-%D8%A7%D9%84%D8%A3%D9%88%D9%84-%D9%84%D9%84%D8%A7%D8%A8%D8%AF%D8%A7%D8%B9\" target=\"_blank\">LAB MON PREMIER FILM<\/a><\/h4>\t\t\t\t<\/div>\n\t\t\t\t<\/div>\n\t\t\t\t\t<\/div>\n\t\t<\/div>\n\t\t\t\t<div class=\"elementor-column elementor-col-33 elementor-top-column elementor-element elementor-element-723ea07\" data-id=\"723ea07\" data-element_type=\"column\" data-e-type=\"column\">\n\t\t\t<div class=\"elementor-widget-wrap elementor-element-populated\">\n\t\t\t\t\t\t<div class=\"elementor-element elementor-element-5fd8470 elementor-widget elementor-widget-image\" data-id=\"5fd8470\" data-element_type=\"widget\" data-e-type=\"widget\" data-widget_type=\"image.default\">\n\t\t\t\t<div class=\"elementor-widget-container\">\n\t\t\t\t\t\t\t\t\t\t\t\t\t\t\t\t<a href=\"https:\/\/www.ibdaa.tn\/%D8%A7%D9%84%D9%85%D9%87%D8%B1%D8%AC%D8%A7%D9%86-%D8%A7%D9%84%D8%AF%D9%88%D9%84%D9%8A-%D9%84%D8%B3%D9%8A%D9%86%D9%85%D8%A7-%D8%A7%D9%84%D9%85%D9%86%D8%A7%D8%AC%D9%85-%D8%A8%D8%A7%D9%84%D8%AC%D8%B1%D9%8A%D8%B5%D8%A9\" target=\"_blank\">\n\t\t\t\t\t\t\t<img loading=\"lazy\" decoding=\"async\" width=\"800\" height=\"450\" src=\"data:image\/gif;base64,R0lGODlhAQABAIAAAAAAAP\/\/\/yH5BAEAAAAALAAAAAABAAEAAAIBRAA7\" data-src=\"https:\/\/www.cnm.com.tn\/ar\/wp-content\/uploads\/2025\/01\/cinema_0.webp\" class=\"attachment-large size-large wp-image-8145 lazyload\" alt=\"\" data-srcset=\"https:\/\/www.cnm.com.tn\/ar\/wp-content\/uploads\/2025\/01\/cinema_0.webp 800w, https:\/\/www.cnm.com.tn\/ar\/wp-content\/uploads\/2025\/01\/cinema_0-300x169.webp 300w, https:\/\/www.cnm.com.tn\/ar\/wp-content\/uploads\/2025\/01\/cinema_0-768x432.webp 768w, https:\/\/www.cnm.com.tn\/ar\/wp-content\/uploads\/2025\/01\/cinema_0-18x10.webp 18w\" sizes=\"(max-width: 800px) 100vw, 800px\" \/><noscript><img loading=\"lazy\" decoding=\"async\" width=\"800\" height=\"450\" src=\"https:\/\/www.cnm.com.tn\/ar\/wp-content\/uploads\/2025\/01\/cinema_0.webp\" class=\"attachment-large size-large wp-image-8145 lazyload\" alt=\"\" srcset=\"https:\/\/www.cnm.com.tn\/ar\/wp-content\/uploads\/2025\/01\/cinema_0.webp 800w, https:\/\/www.cnm.com.tn\/ar\/wp-content\/uploads\/2025\/01\/cinema_0-300x169.webp 300w, https:\/\/www.cnm.com.tn\/ar\/wp-content\/uploads\/2025\/01\/cinema_0-768x432.webp 768w, https:\/\/www.cnm.com.tn\/ar\/wp-content\/uploads\/2025\/01\/cinema_0-18x10.webp 18w\" sizes=\"(max-width: 800px) 100vw, 800px\" \/><\/noscript>\t\t\t\t\t\t\t\t<\/a>\n\t\t\t\t\t\t\t\t\t\t\t\t\t\t\t<\/div>\n\t\t\t\t<\/div>\n\t\t\t\t<div class=\"elementor-element elementor-element-d1d0500 elementor-widget elementor-widget-heading\" data-id=\"d1d0500\" data-element_type=\"widget\" data-e-type=\"widget\" data-widget_type=\"heading.default\">\n\t\t\t\t<div class=\"elementor-widget-container\">\n\t\t\t\t\t<h3 class=\"elementor-heading-title elementor-size-default\"><a href=\"https:\/\/www.ibdaa.tn\/%D8%A7%D9%84%D9%85%D9%87%D8%B1%D8%AC%D8%A7%D9%86-%D8%A7%D9%84%D8%AF%D9%88%D9%84%D9%8A-%D9%84%D8%B3%D9%8A%D9%86%D9%85%D8%A7-%D8%A7%D9%84%D9%85%D9%86%D8%A7%D8%AC%D9%85-%D8%A8%D8%A7%D9%84%D8%AC%D8%B1%D9%8A%D8%B5%D8%A9\" target=\"_blank\">Festival international du cin\u00e9ma minier \u00e0 Djerissa<\/a><\/h3>\t\t\t\t<\/div>\n\t\t\t\t<\/div>\n\t\t\t\t\t<\/div>\n\t\t<\/div>\n\t\t\t\t\t<\/div>\n\t\t<\/section>\n\t\t\t\t<section class=\"elementor-section elementor-top-section elementor-element elementor-element-cbcb0cc elementor-section-boxed elementor-section-height-default elementor-section-height-default\" data-id=\"cbcb0cc\" data-element_type=\"section\" data-e-type=\"section\">\n\t\t\t\t\t\t<div class=\"elementor-container elementor-column-gap-default\">\n\t\t\t\t\t<div class=\"elementor-column elementor-col-33 elementor-top-column elementor-element elementor-element-51faaaf\" data-id=\"51faaaf\" data-element_type=\"column\" data-e-type=\"column\">\n\t\t\t<div class=\"elementor-widget-wrap elementor-element-populated\">\n\t\t\t\t\t\t<div class=\"elementor-element elementor-element-ede4aae elementor-widget elementor-widget-image\" data-id=\"ede4aae\" data-element_type=\"widget\" data-e-type=\"widget\" data-widget_type=\"image.default\">\n\t\t\t\t<div class=\"elementor-widget-container\">\n\t\t\t\t\t\t\t\t\t\t\t\t\t\t\t\t<a href=\"https:\/\/www.ibdaa.tn\/%D8%A7%D9%84%D9%85%D9%87%D8%B1%D8%AC%D8%A7%D9%86-%D8%A7%D9%84%D8%AD%D8%B1-%D9%84%D9%84%D9%81%D9%8A%D9%84%D9%85-%D8%A7%D9%84%D8%A3%D9%88%D9%84-%D9%84%D8%B6%D9%81%D8%AA%D9%8A-%D8%A7%D9%84%D9%85%D8%AA%D9%88%D8%B3%D8%B7\" target=\"_blank\">\n\t\t\t\t\t\t\t<img loading=\"lazy\" decoding=\"async\" width=\"640\" height=\"377\" src=\"data:image\/gif;base64,R0lGODlhAQABAIAAAAAAAP\/\/\/yH5BAEAAAAALAAAAAABAAEAAAIBRAA7\" data-src=\"https:\/\/www.cnm.com.tn\/ar\/wp-content\/uploads\/2025\/01\/fest-indep.webp\" class=\"attachment-large size-large wp-image-8146 lazyload\" alt=\"\" data-srcset=\"https:\/\/www.cnm.com.tn\/ar\/wp-content\/uploads\/2025\/01\/fest-indep.webp 640w, https:\/\/www.cnm.com.tn\/ar\/wp-content\/uploads\/2025\/01\/fest-indep-300x177.webp 300w, https:\/\/www.cnm.com.tn\/ar\/wp-content\/uploads\/2025\/01\/fest-indep-18x12.webp 18w\" sizes=\"(max-width: 640px) 100vw, 640px\" \/><noscript><img loading=\"lazy\" decoding=\"async\" width=\"640\" height=\"377\" src=\"https:\/\/www.cnm.com.tn\/ar\/wp-content\/uploads\/2025\/01\/fest-indep.webp\" class=\"attachment-large size-large wp-image-8146 lazyload\" alt=\"\" srcset=\"https:\/\/www.cnm.com.tn\/ar\/wp-content\/uploads\/2025\/01\/fest-indep.webp 640w, https:\/\/www.cnm.com.tn\/ar\/wp-content\/uploads\/2025\/01\/fest-indep-300x177.webp 300w, https:\/\/www.cnm.com.tn\/ar\/wp-content\/uploads\/2025\/01\/fest-indep-18x12.webp 18w\" sizes=\"(max-width: 640px) 100vw, 640px\" \/><\/noscript>\t\t\t\t\t\t\t\t<\/a>\n\t\t\t\t\t\t\t\t\t\t\t\t\t\t\t<\/div>\n\t\t\t\t<\/div>\n\t\t\t\t<div class=\"elementor-element elementor-element-6c642ba elementor-widget elementor-widget-heading\" data-id=\"6c642ba\" data-element_type=\"widget\" data-e-type=\"widget\" data-widget_type=\"heading.default\">\n\t\t\t\t<div class=\"elementor-widget-container\">\n\t\t\t\t\t<h3 class=\"elementor-heading-title elementor-size-default\"><a href=\"https:\/\/www.ibdaa.tn\/%D8%A7%D9%84%D9%85%D9%87%D8%B1%D8%AC%D8%A7%D9%86-%D8%A7%D9%84%D8%AD%D8%B1-%D9%84%D9%84%D9%81%D9%8A%D9%84%D9%85-%D8%A7%D9%84%D8%A3%D9%88%D9%84-%D9%84%D8%B6%D9%81%D8%AA%D9%8A-%D8%A7%D9%84%D9%85%D8%AA%D9%88%D8%B3%D8%B7\" target=\"_blank\">Le premier festival du film des deux rives de la M\u00e9diterran\u00e9e<\/a><\/h3>\t\t\t\t<\/div>\n\t\t\t\t<\/div>\n\t\t\t\t\t<\/div>\n\t\t<\/div>\n\t\t\t\t<div class=\"elementor-column elementor-col-33 elementor-top-column elementor-element elementor-element-5a69d5b\" data-id=\"5a69d5b\" data-element_type=\"column\" data-e-type=\"column\">\n\t\t\t<div class=\"elementor-widget-wrap\">\n\t\t\t\t\t\t\t<\/div>\n\t\t<\/div>\n\t\t\t\t<div class=\"elementor-column elementor-col-33 elementor-top-column elementor-element elementor-element-8d62e55\" data-id=\"8d62e55\" data-element_type=\"column\" data-e-type=\"column\">\n\t\t\t<div class=\"elementor-widget-wrap\">\n\t\t\t\t\t\t\t<\/div>\n\t\t<\/div>\n\t\t\t\t\t<\/div>\n\t\t<\/section>\n\t\t\t\t<\/div>\n\t\t","protected":false},"excerpt":{"rendered":"<p>\u00c9v\u00e9nements sportifs LAB MON PREMIER FILM Festival international du cin\u00e9ma minier \u00e0 Djerissa Le premier festival du film des deux rives de la M\u00e9diterran\u00e9e<\/p>\n","protected":false},"author":1,"featured_media":0,"parent":0,"menu_order":0,"comment_status":"closed","ping_status":"closed","template":"elementor_theme","meta":{"footnotes":""},"class_list":["post-1897","page","type-page","status-publish","hentry"],"_links":{"self":[{"href":"https:\/\/www.cnm.com.tn\/ar\/wp-json\/wp\/v2\/pages\/1897","targetHints":{"allow":["GET"]}}],"collection":[{"href":"https:\/\/www.cnm.com.tn\/ar\/wp-json\/wp\/v2\/pages"}],"about":[{"href":"https:\/\/www.cnm.com.tn\/ar\/wp-json\/wp\/v2\/types\/page"}],"author":[{"embeddable":true,"href":"https:\/\/www.cnm.com.tn\/ar\/wp-json\/wp\/v2\/users\/1"}],"replies":[{"embeddable":true,"href":"https:\/\/www.cnm.com.tn\/ar\/wp-json\/wp\/v2\/comments?post=1897"}],"version-history":[{"count":27,"href":"https:\/\/www.cnm.com.tn\/ar\/wp-json\/wp\/v2\/pages\/1897\/revisions"}],"predecessor-version":[{"id":8199,"href":"https:\/\/www.cnm.com.tn\/ar\/wp-json\/wp\/v2\/pages\/1897\/revisions\/8199"}],"wp:attachment":[{"href":"https:\/\/www.cnm.com.tn\/ar\/wp-json\/wp\/v2\/media?parent=1897"}],"curies":[{"name":"wp","href":"https:\/\/api.w.org\/{rel}","templated":true}]}}