{"id":17,"date":"2022-02-24T15:15:38","date_gmt":"2022-02-24T14:15:38","guid":{"rendered":"https:\/\/bixoswp.themesflat.com\/?page_id=17"},"modified":"2023-05-12T10:44:53","modified_gmt":"2023-05-12T08:44:53","slug":"nos-services","status":"publish","type":"page","link":"http:\/\/www.cnm.com.tn\/ar\/nos-services\/","title":{"rendered":"Nos services"},"content":{"rendered":"\t\t<div data-elementor-type=\"wp-page\" data-elementor-id=\"17\" class=\"elementor elementor-17\">\n\t\t\t\t\t\t<section class=\"elementor-section elementor-top-section elementor-element elementor-element-50cc4ba elementor-section-full_width elementor-section-stretched elementor-section-height-default elementor-section-height-default\" data-id=\"50cc4ba\" data-element_type=\"section\" data-e-type=\"section\" data-settings=\"{&quot;stretch_section&quot;:&quot;section-stretched&quot;}\">\n\t\t\t\t\t\t<div class=\"elementor-container elementor-column-gap-no\">\n\t\t\t\t\t<div class=\"elementor-column elementor-col-100 elementor-top-column elementor-element elementor-element-2714fbe\" data-id=\"2714fbe\" data-element_type=\"column\" data-e-type=\"column\">\n\t\t\t<div class=\"elementor-widget-wrap elementor-element-populated\">\n\t\t\t\t\t\t<section class=\"elementor-section elementor-inner-section elementor-element elementor-element-33ef3e8 elementor-section-boxed elementor-section-height-default elementor-section-height-default\" data-id=\"33ef3e8\" data-element_type=\"section\" data-e-type=\"section\">\n\t\t\t\t\t\t<div class=\"elementor-container elementor-column-gap-no\">\n\t\t\t\t\t<div class=\"elementor-column elementor-col-100 elementor-inner-column elementor-element elementor-element-d0cf258\" data-id=\"d0cf258\" data-element_type=\"column\" data-e-type=\"column\">\n\t\t\t<div class=\"elementor-widget-wrap elementor-element-populated\">\n\t\t\t\t\t\t<div class=\"elementor-element elementor-element-15bc9a7 elementor-widget elementor-widget-tfservices\" data-id=\"15bc9a7\" data-element_type=\"widget\" data-e-type=\"widget\" data-widget_type=\"tfservices.default\">\n\t\t\t\t<div class=\"elementor-widget-container\">\n\t\t\t\t\t\t\t\t<div id=\"tf-services-15bc9a7\" class=\"tf-services style2 column-3 tablet-column-2 mobile-column-1 no-carousel\" data-tabid=\"15bc9a7\" data-loop=\"\" data-auto=\"\" data-column=\"\" data-column2=\"\" data-column3=\"\" data-prev_icon=\"\" data-next_icon=\"\" data-arrow=\"\" data-bullets=\"\" >\n\t\t\t\t\t\t\t\t\t\t\t\t\t<div class=\"item\">\n\t\t\t\t\t\t\t                        <div class=\"services-post services-post-6600\">\n\t                        \t\t                            <div class=\"featured-post\">\n\t                                <a href=\"http:\/\/www.cnm.com.tn\/ar\/services\/new-learning\/\">\n\t                                <div class=\"post-icon\"><i aria-hidden=\"true\" class=\"bixosicon- bixos-icon-content-development-blog-writer-blogger\"><\/i><\/div>\t                                <\/a>\n\t                            <\/div>\n\t                        \t\t                            <div class=\"content\"> \n\n\t\t\t\t\t\t\t\t\t\t\t\t\t\t\t\t\t\t\t<h2 class=\"title\"><a href=\"http:\/\/www.cnm.com.tn\/ar\/services\/new-learning\/\" title=\"New Learning\">New Learning<\/a><\/h2>\n\t\t\t\t\t\t\t\t\t\n\t\t\t\t\t\t\t\t\t\n\t\t\t\t\t\t\t\t\t   \n\t\t\t\t\t\t\t\t\t       \n\n\t\t\t\t\t\t\t\t\t                            \n\t                            <\/div>\n\t                        <\/div>\n\t                                        <\/div> \n\t\t\t\t\t\t\t\t\t<div class=\"item\">\n\t\t\t\t\t\t\t                        <div class=\"services-post services-post-6581\">\n\t                        \t\t                            <div class=\"featured-post\">\n\t                                <a href=\"http:\/\/www.cnm.com.tn\/ar\/services\/social-learning\/\">\n\t                                <div class=\"post-icon\"><i aria-hidden=\"true\" class=\"bixosicon- bixos-icon-social-marketing-advertising-promotion\"><\/i><\/div>\t                                <\/a>\n\t                            <\/div>\n\t                        \t\t                            <div class=\"content\"> \n\n\t\t\t\t\t\t\t\t\t\t\t\t\t\t\t\t\t\t\t<h2 class=\"title\"><a href=\"http:\/\/www.cnm.com.tn\/ar\/services\/social-learning\/\" title=\"Social Learning\">Social Learning<\/a><\/h2>\n\t\t\t\t\t\t\t\t\t\n\t\t\t\t\t\t\t\t\t\n\t\t\t\t\t\t\t\t\t   \n\t\t\t\t\t\t\t\t\t       \n\n\t\t\t\t\t\t\t\t\t                            \n\t                            <\/div>\n\t                        <\/div>\n\t                                        <\/div> \n\t\t\t\t\t\t\t\t\t<div class=\"item\">\n\t\t\t\t\t\t\t                        <div class=\"services-post services-post-6567\">\n\t                        \t\t                            <div class=\"featured-post\">\n\t                                <a href=\"http:\/\/www.cnm.com.tn\/ar\/services\/mobile-learning\/\">\n\t                                <div class=\"post-icon\"><i aria-hidden=\"true\" class=\"bixosicon- bixos-icon-subscription-package-promotion-product\"><\/i><\/div>\t                                <\/a>\n\t                            <\/div>\n\t                        \t\t                            <div class=\"content\"> \n\n\t\t\t\t\t\t\t\t\t\t\t\t\t\t\t\t\t\t\t<h2 class=\"title\"><a href=\"http:\/\/www.cnm.com.tn\/ar\/services\/mobile-learning\/\" title=\"Mobile Learning\">Mobile Learning<\/a><\/h2>\n\t\t\t\t\t\t\t\t\t\n\t\t\t\t\t\t\t\t\t\n\t\t\t\t\t\t\t\t\t   \n\t\t\t\t\t\t\t\t\t       \n\n\t\t\t\t\t\t\t\t\t                            \n\t                            <\/div>\n\t                        <\/div>\n\t                                        <\/div> \n\t\t\t\t\t\t\t\t\t<div class=\"item\">\n\t\t\t\t\t\t\t                        <div class=\"services-post services-post-5074\">\n\t                        \t\t                            <div class=\"featured-post\">\n\t                                <a href=\"http:\/\/www.cnm.com.tn\/ar\/services\/hebergement-web\/\">\n\t                                <div class=\"post-icon\"><i aria-hidden=\"true\" class=\"bixosicon- bixos-icon-responsive-CSS-website-design\"><\/i><\/div>\t                                <\/a>\n\t                            <\/div>\n\t                        \t\t                            <div class=\"content\"> \n\n\t\t\t\t\t\t\t\t\t\t\t\t\t\t\t\t\t\t\t<h2 class=\"title\"><a href=\"http:\/\/www.cnm.com.tn\/ar\/services\/hebergement-web\/\" title=\"H\u00e9bergement web\">H\u00e9bergement web<\/a><\/h2>\n\t\t\t\t\t\t\t\t\t\n\t\t\t\t\t\t\t\t\t\n\t\t\t\t\t\t\t\t\t   \n\t\t\t\t\t\t\t\t\t       \n\n\t\t\t\t\t\t\t\t\t                            \n\t                            <\/div>\n\t                        <\/div>\n\t                                        <\/div> \n\t\t\t\t\t\t\t\t\t<div class=\"item\">\n\t\t\t\t\t\t\t                        <div class=\"services-post services-post-5072\">\n\t                        \t\t                            <div class=\"featured-post\">\n\t                                <a href=\"http:\/\/www.cnm.com.tn\/ar\/services\/creation-site-vitrine\/\">\n\t                                <div class=\"post-icon\"><i aria-hidden=\"true\" class=\"bixosicon- bixos-icon-online-business-earn-money-profit\"><\/i><\/div>\t                                <\/a>\n\t                            <\/div>\n\t                        \t\t                            <div class=\"content\"> \n\n\t\t\t\t\t\t\t\t\t\t\t\t\t\t\t\t\t\t\t<h2 class=\"title\"><a href=\"http:\/\/www.cnm.com.tn\/ar\/services\/creation-site-vitrine\/\" title=\"Cr\u00e9ation site vitrine\">Cr\u00e9ation site vitrine<\/a><\/h2>\n\t\t\t\t\t\t\t\t\t\n\t\t\t\t\t\t\t\t\t\n\t\t\t\t\t\t\t\t\t   \n\t\t\t\t\t\t\t\t\t       \n\n\t\t\t\t\t\t\t\t\t                            \n\t                            <\/div>\n\t                        <\/div>\n\t                                        <\/div> \n\t\t\t\t\t\t\t\t\t<div class=\"item\">\n\t\t\t\t\t\t\t                        <div class=\"services-post services-post-5056\">\n\t                        \t\t                            <div class=\"featured-post\">\n\t                                <a href=\"http:\/\/www.cnm.com.tn\/ar\/services\/webmastering\/\">\n\t                                <div class=\"post-icon\"><i aria-hidden=\"true\" class=\"bixosicon- bixos-icon-target-customer-goal-weapons\"><\/i><\/div>\t                                <\/a>\n\t                            <\/div>\n\t                        \t\t                            <div class=\"content\"> \n\n\t\t\t\t\t\t\t\t\t\t\t\t\t\t\t\t\t\t\t<h2 class=\"title\"><a href=\"http:\/\/www.cnm.com.tn\/ar\/services\/webmastering\/\" title=\"Webmastering\">Webmastering<\/a><\/h2>\n\t\t\t\t\t\t\t\t\t\n\t\t\t\t\t\t\t\t\t\n\t\t\t\t\t\t\t\t\t   \n\t\t\t\t\t\t\t\t\t       \n\n\t\t\t\t\t\t\t\t\t                            \n\t                            <\/div>\n\t                        <\/div>\n\t                                        <\/div> \n\t\t\t\t\t\t\t\t\t<div class=\"item\">\n\t\t\t\t\t\t\t                        <div class=\"services-post services-post-5053\">\n\t                        \t\t                            <div class=\"featured-post\">\n\t                                <a href=\"http:\/\/www.cnm.com.tn\/ar\/services\/developpement-sur-mesure\/\">\n\t                                <div class=\"post-icon\"><i aria-hidden=\"true\" class=\"bixosicon- bixos-icon-product-review-blog-writer\"><\/i><\/div>\t                                <\/a>\n\t                            <\/div>\n\t                        \t\t                            <div class=\"content\"> \n\n\t\t\t\t\t\t\t\t\t\t\t\t\t\t\t\t\t\t\t<h2 class=\"title\"><a href=\"http:\/\/www.cnm.com.tn\/ar\/services\/developpement-sur-mesure\/\" title=\"D\u00e9veloppement sur mesure\">D\u00e9veloppement sur mesure<\/a><\/h2>\n\t\t\t\t\t\t\t\t\t\n\t\t\t\t\t\t\t\t\t\n\t\t\t\t\t\t\t\t\t   \n\t\t\t\t\t\t\t\t\t       \n\n\t\t\t\t\t\t\t\t\t                            \n\t                            <\/div>\n\t                        <\/div>\n\t                                        <\/div> \n\t\t\t\t\t\t\t\t\t<div class=\"item\">\n\t\t\t\t\t\t\t                        <div class=\"services-post services-post-5048\">\n\t                        \t\t                            <div class=\"featured-post\">\n\t                                <a href=\"http:\/\/www.cnm.com.tn\/ar\/services\/developpement-mobile\/\">\n\t                                <div class=\"post-icon\"><i aria-hidden=\"true\" class=\"bixosicon- bixos-icon-social-media-like-share-comment\"><\/i><\/div>\t                                <\/a>\n\t                            <\/div>\n\t                        \t\t                            <div class=\"content\"> \n\n\t\t\t\t\t\t\t\t\t\t\t\t\t\t\t\t\t\t\t<h2 class=\"title\"><a href=\"http:\/\/www.cnm.com.tn\/ar\/services\/developpement-mobile\/\" title=\"D\u00e9veloppement mobile\">D\u00e9veloppement mobile<\/a><\/h2>\n\t\t\t\t\t\t\t\t\t\n\t\t\t\t\t\t\t\t\t\n\t\t\t\t\t\t\t\t\t   \n\t\t\t\t\t\t\t\t\t       \n\n\t\t\t\t\t\t\t\t\t                            \n\t                            <\/div>\n\t                        <\/div>\n\t                                        <\/div> \n\t\t\t\t\t\t\t\t\t<div class=\"item\">\n\t\t\t\t\t\t\t                        <div class=\"services-post services-post-5043\">\n\t                        \t\t                            <div class=\"featured-post\">\n\t                                <a href=\"http:\/\/www.cnm.com.tn\/ar\/services\/community-management\/\">\n\t                                <div class=\"post-icon\"><i aria-hidden=\"true\" class=\"bixosicon- bixos-icon-live-stream-social-ecommerce\"><\/i><\/div>\t                                <\/a>\n\t                            <\/div>\n\t                        \t\t                            <div class=\"content\"> \n\n\t\t\t\t\t\t\t\t\t\t\t\t\t\t\t\t\t\t\t<h2 class=\"title\"><a href=\"http:\/\/www.cnm.com.tn\/ar\/services\/community-management\/\" title=\"Community Management\">Community Management<\/a><\/h2>\n\t\t\t\t\t\t\t\t\t\n\t\t\t\t\t\t\t\t\t\n\t\t\t\t\t\t\t\t\t   \n\t\t\t\t\t\t\t\t\t       \n\n\t\t\t\t\t\t\t\t\t                            \n\t                            <\/div>\n\t                        <\/div>\n\t                                        <\/div> \n\t\t\t\t\t\t\t\t\t<div class=\"item\">\n\t\t\t\t\t\t\t                        <div class=\"services-post services-post-5038\">\n\t                        \t\t                            <div class=\"featured-post\">\n\t                                <a href=\"http:\/\/www.cnm.com.tn\/ar\/services\/referencement-web\/\">\n\t                                <div class=\"post-icon\"><i aria-hidden=\"true\" class=\"bixosicon- bixos-icon-analysis\"><\/i><\/div>\t                                <\/a>\n\t                            <\/div>\n\t                        \t\t                            <div class=\"content\"> \n\n\t\t\t\t\t\t\t\t\t\t\t\t\t\t\t\t\t\t\t<h2 class=\"title\"><a href=\"http:\/\/www.cnm.com.tn\/ar\/services\/referencement-web\/\" title=\"R\u00e9f\u00e9rencement web\">R\u00e9f\u00e9rencement web<\/a><\/h2>\n\t\t\t\t\t\t\t\t\t\n\t\t\t\t\t\t\t\t\t\n\t\t\t\t\t\t\t\t\t   \n\t\t\t\t\t\t\t\t\t       \n\n\t\t\t\t\t\t\t\t\t                            \n\t                            <\/div>\n\t                        <\/div>\n\t                                        <\/div> \n\t\t\t\t\t\t\t\t\t<div class=\"item\">\n\t\t\t\t\t\t\t                        <div class=\"services-post services-post-2879\">\n\t                        \t\t                            <div class=\"featured-post\">\n\t                                <a href=\"http:\/\/www.cnm.com.tn\/ar\/services\/site-e-commerce\/\">\n\t                                <div class=\"post-icon\"><i aria-hidden=\"true\" class=\"bixosicon- bixos-icon-ecommerce-shopping-online-shop-store\"><\/i><\/div>\t                                <\/a>\n\t                            <\/div>\n\t                        \t\t                            <div class=\"content\"> \n\n\t\t\t\t\t\t\t\t\t\t\t\t\t\t\t\t\t\t\t<h2 class=\"title\"><a href=\"http:\/\/www.cnm.com.tn\/ar\/services\/site-e-commerce\/\" title=\"Site E-commerce\">Site E-commerce<\/a><\/h2>\n\t\t\t\t\t\t\t\t\t\n\t\t\t\t\t\t\t\t\t\n\t\t\t\t\t\t\t\t\t   \n\t\t\t\t\t\t\t\t\t       \n\n\t\t\t\t\t\t\t\t\t                            \n\t                            <\/div>\n\t                        <\/div>\n\t                                        <\/div> \n\t\t\t\t\t\t\t\t\t<div class=\"item\">\n\t\t\t\t\t\t\t                        <div class=\"services-post services-post-2867\">\n\t                        \t\t                            <div class=\"featured-post\">\n\t                                <a href=\"http:\/\/www.cnm.com.tn\/ar\/services\/strategie-marketing\/\">\n\t                                <div class=\"post-icon\"><i aria-hidden=\"true\" class=\"bixosicon- bixos-icon-blogging-post-social-blog-writer\"><\/i><\/div>\t                                <\/a>\n\t                            <\/div>\n\t                        \t\t                            <div class=\"content\"> \n\n\t\t\t\t\t\t\t\t\t\t\t\t\t\t\t\t\t\t\t<h2 class=\"title\"><a href=\"http:\/\/www.cnm.com.tn\/ar\/services\/strategie-marketing\/\" title=\"Strategie Marketing\">Strategie Marketing<\/a><\/h2>\n\t\t\t\t\t\t\t\t\t\n\t\t\t\t\t\t\t\t\t\n\t\t\t\t\t\t\t\t\t   \n\t\t\t\t\t\t\t\t\t       \n\n\t\t\t\t\t\t\t\t\t                            \n\t                            <\/div>\n\t                        <\/div>\n\t                                        <\/div> \n\t\t\t\t\t\t\t\t\t\t\t\t\t\t\t<\/div>\n\t\t\t\t\t\t<\/div>\n\t\t\t\t<\/div>\n\t\t\t\t\t<\/div>\n\t\t<\/div>\n\t\t\t\t\t<\/div>\n\t\t<\/section>\n\t\t\t\t\t<\/div>\n\t\t<\/div>\n\t\t\t\t\t<\/div>\n\t\t<\/section>\n\t\t\t\t<\/div>\n\t\t","protected":false},"excerpt":{"rendered":"<p>H\u00e9bergement web Cr\u00e9ation site vitrine Plateforme E-Learning Webmastering D\u00e9veloppement sur mesure D\u00e9veloppement mobile Community Management R\u00e9f\u00e9rencement web Site E-commerce Strategie Marketing<\/p>\n","protected":false},"author":1,"featured_media":0,"parent":0,"menu_order":0,"comment_status":"closed","ping_status":"closed","template":"","meta":{"footnotes":""},"class_list":["post-17","page","type-page","status-publish","hentry"],"_links":{"self":[{"href":"http:\/\/www.cnm.com.tn\/ar\/wp-json\/wp\/v2\/pages\/17","targetHints":{"allow":["GET"]}}],"collection":[{"href":"http:\/\/www.cnm.com.tn\/ar\/wp-json\/wp\/v2\/pages"}],"about":[{"href":"http:\/\/www.cnm.com.tn\/ar\/wp-json\/wp\/v2\/types\/page"}],"author":[{"embeddable":true,"href":"http:\/\/www.cnm.com.tn\/ar\/wp-json\/wp\/v2\/users\/1"}],"replies":[{"embeddable":true,"href":"http:\/\/www.cnm.com.tn\/ar\/wp-json\/wp\/v2\/comments?post=17"}],"version-history":[{"count":17,"href":"http:\/\/www.cnm.com.tn\/ar\/wp-json\/wp\/v2\/pages\/17\/revisions"}],"predecessor-version":[{"id":6563,"href":"http:\/\/www.cnm.com.tn\/ar\/wp-json\/wp\/v2\/pages\/17\/revisions\/6563"}],"wp:attachment":[{"href":"http:\/\/www.cnm.com.tn\/ar\/wp-json\/wp\/v2\/media?parent=17"}],"curies":[{"name":"wp","href":"https:\/\/api.w.org\/{rel}","templated":true}]}}